{"id":283,"date":"2019-11-05T10:02:32","date_gmt":"2019-11-05T07:02:32","guid":{"rendered":"http:\/\/izmiryos.com\/hakkimizda\/"},"modified":"2023-10-22T16:25:08","modified_gmt":"2023-10-22T13:25:08","slug":"hakkimizda","status":"publish","type":"page","link":"https:\/\/izmiryos.com\/en\/hakkimizda\/","title":{"rendered":"ABOUT US"},"content":{"rendered":"\t\t<div data-elementor-type=\"wp-page\" data-elementor-id=\"283\" class=\"elementor elementor-283\" data-elementor-post-type=\"page\">\n\t\t\t\t\t\t<section class=\"elementor-section elementor-top-section elementor-element elementor-element-9a58c76 elementor-section-stretched elementor-section-height-min-height elementor-section-full_width elementor-section-height-default elementor-section-items-middle\" data-id=\"9a58c76\" data-element_type=\"section\" data-settings=\"{&quot;stretch_section&quot;:&quot;section-stretched&quot;,&quot;background_background&quot;:&quot;classic&quot;}\">\n\t\t\t\t\t\t<div class=\"elementor-container elementor-column-gap-default\">\n\t\t\t\t\t<div class=\"elementor-column elementor-col-100 elementor-top-column elementor-element elementor-element-7828ba3\" data-id=\"7828ba3\" data-element_type=\"column\">\n\t\t\t<div class=\"elementor-widget-wrap elementor-element-populated\">\n\t\t\t\t\t\t<div class=\"elementor-element elementor-element-339369a elementor-widget elementor-widget-heading\" data-id=\"339369a\" data-element_type=\"widget\" data-widget_type=\"heading.default\">\n\t\t\t\t<div class=\"elementor-widget-container\">\n\t\t\t\t\t<h2 class=\"elementor-heading-title elementor-size-default\">ABOUT US<\/h2>\t\t\t\t<\/div>\n\t\t\t\t<\/div>\n\t\t\t\t\t<\/div>\n\t\t<\/div>\n\t\t\t\t\t<\/div>\n\t\t<\/section>\n\t\t\t\t<section class=\"elementor-section elementor-top-section elementor-element elementor-element-7ef924b8 elementor-section-boxed elementor-section-height-default elementor-section-height-default\" data-id=\"7ef924b8\" data-element_type=\"section\">\n\t\t\t\t\t\t<div class=\"elementor-container elementor-column-gap-default\">\n\t\t\t\t\t<div class=\"elementor-column elementor-col-100 elementor-top-column elementor-element elementor-element-24a2d131\" data-id=\"24a2d131\" data-element_type=\"column\">\n\t\t\t<div class=\"elementor-widget-wrap elementor-element-populated\">\n\t\t\t\t\t\t<div class=\"elementor-element elementor-element-2925e4ea elementor-widget elementor-widget-text-editor\" data-id=\"2925e4ea\" data-element_type=\"widget\" data-widget_type=\"text-editor.default\">\n\t\t\t\t<div class=\"elementor-widget-container\">\n\t\t\t\t\t\t\t\t\t\n<p>Tasar\u0131 Educational Institutions took the first step towards becoming a pioneer of education in Turkey by being established in 1984. From past to present, it has achieved great success in achieving the goals of high school, associate degree, undergraduate and graduate students.<\/p>\n\n\n\n<p>It is a unique educational institution which constitutes Turkey&#8217;s most successful Y\u00d6S course program and continues its education with increasing success rate up to day. In order to be the pioneer of development and change, corporate identity, which constantly updates the education system and always wants more in success, has been the biggest criterion for success.<\/p>\n\n\n\n<p>In order to meet the interest and intense demand for the Tasar\u0131 Educational Institutions, branches have been opened in different provinces and districts and a training network consisting of 12 branches has been established in 3 big cities. Tasar\u0131 Educational Institutions, which has branches in Big cities such as \u0130stanbul, \u0130zmir, Ankara, Bursa, Antalya, every year, makes nearly 2000 high school graduates get into the most distinguished universities in Turkey through the Foreign Students Exam. Every year, quotas of 75% of the universities which are branded in terms of education and add value to their students such as Bo\u011fazi\u00e7i University, Middle East Technical University, \u0130stanbul Technical University, Y\u0131ld\u0131z Technical University, Marmara University, Ege University, and Dokuz Eyl\u00fcl University are filled by Tasar\u0131 Academy students.<\/p>\n\n\n\n<p>The Tasar\u0131 Educational Institutions has proved more than a hundred winners in the Foreign Students Examination in the last 10 years and has proved that success is not a coincidence and that it has a big share in the success of its students. Adopting the slogan \u201cTasar\u0131 is the place to go if the target is success\u201d in all areas, it has easily overcome every obstacle in order to achieve success in education. Leaving stereotypes in the education of students, it has set an example for many educational institutions both in terms of management and education with its structure that adapts to today&#8217;s conditions, uses the opportunities of technology, and adapts to the demands and expectations of the new generation.<\/p>\n\n\n\n<p>With 36 years of experience, Tasar\u0131 Educational Institutions continue to lead their students in achieving their future goals by gaining a deep-rooted corporate identity and gaining appreciation in terms of education in every environment.<\/p>\n\t\t\t\t\t\t\t\t<\/div>\n\t\t\t\t<\/div>\n\t\t\t\t\t<\/div>\n\t\t<\/div>\n\t\t\t\t\t<\/div>\n\t\t<\/section>\n\t\t<div class=\"elementor-element elementor-element-74127fe e-flex e-con-boxed e-con e-parent\" data-id=\"74127fe\" data-element_type=\"container\">\n\t\t\t\t\t<div class=\"e-con-inner\">\n\t\t<div class=\"elementor-element elementor-element-08030d8 e-con-full e-flex e-con e-parent\" data-id=\"08030d8\" data-element_type=\"container\">\n\t\t\t\t<div class=\"elementor-element elementor-element-bd3d9ef elementor-widget elementor-widget-video\" data-id=\"bd3d9ef\" data-element_type=\"widget\" data-settings=\"{&quot;youtube_url&quot;:&quot;https:\\\/\\\/youtu.be\\\/nzK9t9pH6I0&quot;,&quot;autoplay&quot;:&quot;yes&quot;,&quot;mute&quot;:&quot;yes&quot;,&quot;video_type&quot;:&quot;youtube&quot;,&quot;controls&quot;:&quot;yes&quot;}\" data-widget_type=\"video.default\">\n\t\t\t\t<div class=\"elementor-widget-container\">\n\t\t\t\t\t\t\t<div class=\"elementor-wrapper elementor-open-inline\">\n\t\t\t<div class=\"elementor-video\"><\/div>\t\t<\/div>\n\t\t\t\t\t\t<\/div>\n\t\t\t\t<\/div>\n\t\t\t\t<\/div>\n\t\t\t\t\t<\/div>\n\t\t\t\t<\/div>\n\t\t\t\t<\/div>\n\t\t","protected":false},"excerpt":{"rendered":"<p>Tasar\u0131 Educational Institutions took the first step towards becoming a pioneer of education in Turkey by being established in 1984. From past to present, it has achieved great success in achieving the goals of high school, associate degree, undergraduate and graduate students. It is a unique educational institution which constitutes Turkey&#8217;s most successful Y\u00d6S course [&hellip;]<\/p>\n","protected":false},"author":1,"featured_media":0,"parent":0,"menu_order":0,"comment_status":"closed","ping_status":"closed","template":"","meta":{"site-sidebar-layout":"default","site-content-layout":"default","ast-site-content-layout":"default","site-content-style":"default","site-sidebar-style":"default","ast-global-header-display":"","ast-banner-title-visibility":"","ast-main-header-display":"","ast-hfb-above-header-display":"","ast-hfb-below-header-display":"","ast-hfb-mobile-header-display":"","site-post-title":"","ast-breadcrumbs-content":"","ast-featured-img":"","footer-sml-layout":"","ast-disable-related-posts":"","theme-transparent-header-meta":"default","adv-header-id-meta":"","stick-header-meta":"default","header-above-stick-meta":"","header-main-stick-meta":"","header-below-stick-meta":"","astra-migrate-meta-layouts":"default","ast-page-background-enabled":"default","ast-page-background-meta":{"desktop":{"background-color":"","background-image":"","background-repeat":"repeat","background-position":"center center","background-size":"auto","background-attachment":"scroll","background-type":"","background-media":"","overlay-type":"","overlay-color":"","overlay-opacity":"","overlay-gradient":""},"tablet":{"background-color":"","background-image":"","background-repeat":"repeat","background-position":"center center","background-size":"auto","background-attachment":"scroll","background-type":"","background-media":"","overlay-type":"","overlay-color":"","overlay-opacity":"","overlay-gradient":""},"mobile":{"background-color":"","background-image":"","background-repeat":"repeat","background-position":"center center","background-size":"auto","background-attachment":"scroll","background-type":"","background-media":"","overlay-type":"","overlay-color":"","overlay-opacity":"","overlay-gradient":""}},"ast-content-background-meta":{"desktop":{"background-color":"var(--ast-global-color-5)","background-image":"","background-repeat":"repeat","background-position":"center center","background-size":"auto","background-attachment":"scroll","background-type":"","background-media":"","overlay-type":"","overlay-color":"","overlay-opacity":"","overlay-gradient":""},"tablet":{"background-color":"var(--ast-global-color-5)","background-image":"","background-repeat":"repeat","background-position":"center center","background-size":"auto","background-attachment":"scroll","background-type":"","background-media":"","overlay-type":"","overlay-color":"","overlay-opacity":"","overlay-gradient":""},"mobile":{"background-color":"var(--ast-global-color-5)","background-image":"","background-repeat":"repeat","background-position":"center center","background-size":"auto","background-attachment":"scroll","background-type":"","background-media":"","overlay-type":"","overlay-color":"","overlay-opacity":"","overlay-gradient":""}},"footnotes":""},"class_list":["post-283","page","type-page","status-publish","hentry"],"yoast_head":"<!-- This site is optimized with the Yoast SEO plugin v24.3 - https:\/\/yoast.com\/wordpress\/plugins\/seo\/ -->\n<title>ABOUT US - \u0130zmir Y\u00d6S Kurslar\u0131<\/title>\n<meta name=\"robots\" content=\"index, follow, max-snippet:-1, max-image-preview:large, max-video-preview:-1\" \/>\n<link rel=\"canonical\" href=\"https:\/\/izmiryos.com\/en\/hakkimizda\/\" \/>\n<meta property=\"og:locale\" content=\"en_US\" \/>\n<meta property=\"og:type\" content=\"article\" \/>\n<meta property=\"og:title\" content=\"ABOUT US - \u0130zmir Y\u00d6S Kurslar\u0131\" \/>\n<meta property=\"og:description\" content=\"Tasar\u0131 Educational Institutions took the first step towards becoming a pioneer of education in Turkey by being established in 1984. From past to present, it has achieved great success in achieving the goals of high school, associate degree, undergraduate and graduate students. It is a unique educational institution which constitutes Turkey&#8217;s most successful Y\u00d6S course [&hellip;]\" \/>\n<meta property=\"og:url\" content=\"https:\/\/izmiryos.com\/en\/hakkimizda\/\" \/>\n<meta property=\"og:site_name\" content=\"\u0130zmir Y\u00d6S Kurslar\u0131\" \/>\n<meta property=\"article:publisher\" content=\"https:\/\/www.facebook.com\/tasariizmir\" \/>\n<meta property=\"article:modified_time\" content=\"2023-10-22T13:25:08+00:00\" \/>\n<meta name=\"twitter:card\" content=\"summary_large_image\" \/>\n<meta name=\"twitter:site\" content=\"@izmirtasari\" \/>\n<meta name=\"twitter:label1\" content=\"Est. reading time\" \/>\n\t<meta name=\"twitter:data1\" content=\"2 minutes\" \/>\n<script type=\"application\/ld+json\" class=\"yoast-schema-graph\">{\"@context\":\"https:\/\/schema.org\",\"@graph\":[{\"@type\":\"WebPage\",\"@id\":\"https:\/\/izmiryos.com\/en\/hakkimizda\/\",\"url\":\"https:\/\/izmiryos.com\/en\/hakkimizda\/\",\"name\":\"ABOUT US - \u0130zmir Y\u00d6S Kurslar\u0131\",\"isPartOf\":{\"@id\":\"https:\/\/izmiryos.com\/#website\"},\"datePublished\":\"2019-11-05T07:02:32+00:00\",\"dateModified\":\"2023-10-22T13:25:08+00:00\",\"breadcrumb\":{\"@id\":\"https:\/\/izmiryos.com\/en\/hakkimizda\/#breadcrumb\"},\"inLanguage\":\"en-US\",\"potentialAction\":[{\"@type\":\"ReadAction\",\"target\":[\"https:\/\/izmiryos.com\/en\/hakkimizda\/\"]}]},{\"@type\":\"BreadcrumbList\",\"@id\":\"https:\/\/izmiryos.com\/en\/hakkimizda\/#breadcrumb\",\"itemListElement\":[{\"@type\":\"ListItem\",\"position\":1,\"name\":\"Anasayfa\",\"item\":\"https:\/\/izmiryos.com\/\"},{\"@type\":\"ListItem\",\"position\":2,\"name\":\"ABOUT US\"}]},{\"@type\":\"WebSite\",\"@id\":\"https:\/\/izmiryos.com\/#website\",\"url\":\"https:\/\/izmiryos.com\/\",\"name\":\"\u0130zmir Y\u00d6S Kurslar\u0131\",\"description\":\"Y\u00d6S-T\u00d6MER Kurslar\u0131\",\"publisher\":{\"@id\":\"https:\/\/izmiryos.com\/#organization\"},\"potentialAction\":[{\"@type\":\"SearchAction\",\"target\":{\"@type\":\"EntryPoint\",\"urlTemplate\":\"https:\/\/izmiryos.com\/?s={search_term_string}\"},\"query-input\":{\"@type\":\"PropertyValueSpecification\",\"valueRequired\":true,\"valueName\":\"search_term_string\"}}],\"inLanguage\":\"en-US\"},{\"@type\":\"Organization\",\"@id\":\"https:\/\/izmiryos.com\/#organization\",\"name\":\"\u0130zmir Y\u00d6S Kurslar\u0131\",\"url\":\"https:\/\/izmiryos.com\/\",\"logo\":{\"@type\":\"ImageObject\",\"inLanguage\":\"en-US\",\"@id\":\"https:\/\/izmiryos.com\/#\/schema\/logo\/image\/\",\"url\":\"https:\/\/izmiryos.com\/wp-content\/uploads\/logo.png\",\"contentUrl\":\"https:\/\/izmiryos.com\/wp-content\/uploads\/logo.png\",\"width\":227,\"height\":63,\"caption\":\"\u0130zmir Y\u00d6S Kurslar\u0131\"},\"image\":{\"@id\":\"https:\/\/izmiryos.com\/#\/schema\/logo\/image\/\"},\"sameAs\":[\"https:\/\/www.facebook.com\/tasariizmir\",\"https:\/\/x.com\/izmirtasari\"]}]}<\/script>\n<!-- \/ Yoast SEO plugin. -->","yoast_head_json":{"title":"ABOUT US - \u0130zmir Y\u00d6S Kurslar\u0131","robots":{"index":"index","follow":"follow","max-snippet":"max-snippet:-1","max-image-preview":"max-image-preview:large","max-video-preview":"max-video-preview:-1"},"canonical":"https:\/\/izmiryos.com\/en\/hakkimizda\/","og_locale":"en_US","og_type":"article","og_title":"ABOUT US - \u0130zmir Y\u00d6S Kurslar\u0131","og_description":"Tasar\u0131 Educational Institutions took the first step towards becoming a pioneer of education in Turkey by being established in 1984. From past to present, it has achieved great success in achieving the goals of high school, associate degree, undergraduate and graduate students. It is a unique educational institution which constitutes Turkey&#8217;s most successful Y\u00d6S course [&hellip;]","og_url":"https:\/\/izmiryos.com\/en\/hakkimizda\/","og_site_name":"\u0130zmir Y\u00d6S Kurslar\u0131","article_publisher":"https:\/\/www.facebook.com\/tasariizmir","article_modified_time":"2023-10-22T13:25:08+00:00","twitter_card":"summary_large_image","twitter_site":"@izmirtasari","twitter_misc":{"Est. reading time":"2 minutes"},"schema":{"@context":"https:\/\/schema.org","@graph":[{"@type":"WebPage","@id":"https:\/\/izmiryos.com\/en\/hakkimizda\/","url":"https:\/\/izmiryos.com\/en\/hakkimizda\/","name":"ABOUT US - \u0130zmir Y\u00d6S Kurslar\u0131","isPartOf":{"@id":"https:\/\/izmiryos.com\/#website"},"datePublished":"2019-11-05T07:02:32+00:00","dateModified":"2023-10-22T13:25:08+00:00","breadcrumb":{"@id":"https:\/\/izmiryos.com\/en\/hakkimizda\/#breadcrumb"},"inLanguage":"en-US","potentialAction":[{"@type":"ReadAction","target":["https:\/\/izmiryos.com\/en\/hakkimizda\/"]}]},{"@type":"BreadcrumbList","@id":"https:\/\/izmiryos.com\/en\/hakkimizda\/#breadcrumb","itemListElement":[{"@type":"ListItem","position":1,"name":"Anasayfa","item":"https:\/\/izmiryos.com\/"},{"@type":"ListItem","position":2,"name":"ABOUT US"}]},{"@type":"WebSite","@id":"https:\/\/izmiryos.com\/#website","url":"https:\/\/izmiryos.com\/","name":"\u0130zmir Y\u00d6S Kurslar\u0131","description":"Y\u00d6S-T\u00d6MER Kurslar\u0131","publisher":{"@id":"https:\/\/izmiryos.com\/#organization"},"potentialAction":[{"@type":"SearchAction","target":{"@type":"EntryPoint","urlTemplate":"https:\/\/izmiryos.com\/?s={search_term_string}"},"query-input":{"@type":"PropertyValueSpecification","valueRequired":true,"valueName":"search_term_string"}}],"inLanguage":"en-US"},{"@type":"Organization","@id":"https:\/\/izmiryos.com\/#organization","name":"\u0130zmir Y\u00d6S Kurslar\u0131","url":"https:\/\/izmiryos.com\/","logo":{"@type":"ImageObject","inLanguage":"en-US","@id":"https:\/\/izmiryos.com\/#\/schema\/logo\/image\/","url":"https:\/\/izmiryos.com\/wp-content\/uploads\/logo.png","contentUrl":"https:\/\/izmiryos.com\/wp-content\/uploads\/logo.png","width":227,"height":63,"caption":"\u0130zmir Y\u00d6S Kurslar\u0131"},"image":{"@id":"https:\/\/izmiryos.com\/#\/schema\/logo\/image\/"},"sameAs":["https:\/\/www.facebook.com\/tasariizmir","https:\/\/x.com\/izmirtasari"]}]}},"_links":{"self":[{"href":"https:\/\/izmiryos.com\/en\/wp-json\/wp\/v2\/pages\/283","targetHints":{"allow":["GET"]}}],"collection":[{"href":"https:\/\/izmiryos.com\/en\/wp-json\/wp\/v2\/pages"}],"about":[{"href":"https:\/\/izmiryos.com\/en\/wp-json\/wp\/v2\/types\/page"}],"author":[{"embeddable":true,"href":"https:\/\/izmiryos.com\/en\/wp-json\/wp\/v2\/users\/1"}],"replies":[{"embeddable":true,"href":"https:\/\/izmiryos.com\/en\/wp-json\/wp\/v2\/comments?post=283"}],"version-history":[{"count":8,"href":"https:\/\/izmiryos.com\/en\/wp-json\/wp\/v2\/pages\/283\/revisions"}],"predecessor-version":[{"id":6800,"href":"https:\/\/izmiryos.com\/en\/wp-json\/wp\/v2\/pages\/283\/revisions\/6800"}],"wp:attachment":[{"href":"https:\/\/izmiryos.com\/en\/wp-json\/wp\/v2\/media?parent=283"}],"curies":[{"name":"wp","href":"https:\/\/api.w.org\/{rel}","templated":true}]}}