{"id":860,"date":"2019-11-05T10:16:51","date_gmt":"2019-11-05T07:16:51","guid":{"rendered":"http:\/\/izmiryos.com\/mecidiyekoy-sube\/"},"modified":"2019-11-20T13:26:14","modified_gmt":"2019-11-20T10:26:14","slug":"mecidiyekoy-sube","status":"publish","type":"page","link":"https:\/\/izmiryos.com\/en\/mecidiyekoy-sube\/","title":{"rendered":"Mecidiyek\u00f6y \u015eube"},"content":{"rendered":"\t\t<div data-elementor-type=\"wp-page\" data-elementor-id=\"860\" class=\"elementor elementor-860\" data-elementor-post-type=\"page\">\n\t\t\t\t\t\t<section class=\"elementor-section elementor-top-section elementor-element elementor-element-317bb239 elementor-section-boxed elementor-section-height-default elementor-section-height-default\" data-id=\"317bb239\" data-element_type=\"section\">\n\t\t\t\t\t\t<div class=\"elementor-container elementor-column-gap-default\">\n\t\t\t\t\t<div class=\"elementor-column elementor-col-50 elementor-top-column elementor-element elementor-element-1065772\" data-id=\"1065772\" data-element_type=\"column\">\n\t\t\t<div class=\"elementor-widget-wrap elementor-element-populated\">\n\t\t\t\t\t\t<div class=\"elementor-element elementor-element-54a1324e elementor-widget elementor-widget-image\" data-id=\"54a1324e\" data-element_type=\"widget\" data-widget_type=\"image.default\">\n\t\t\t\t<div class=\"elementor-widget-container\">\n\t\t\t\t\t\t\t\t\t\t\t\t\t\t\t<img fetchpriority=\"high\" decoding=\"async\" width=\"768\" height=\"411\" src=\"https:\/\/izmiryos.com\/wp-content\/uploads\/tasar\u0131-mecidiyeko\u0308y-768x411.jpg\" class=\"attachment-medium_large size-medium_large wp-image-655\" alt=\"\" srcset=\"https:\/\/izmiryos.com\/wp-content\/uploads\/tasar\u0131-mecidiyeko\u0308y-768x411.jpg 768w, https:\/\/izmiryos.com\/wp-content\/uploads\/tasar\u0131-mecidiyeko\u0308y-300x161.jpg 300w, https:\/\/izmiryos.com\/wp-content\/uploads\/tasar\u0131-mecidiyeko\u0308y.jpg 840w\" sizes=\"(max-width: 768px) 100vw, 768px\" \/>\t\t\t\t\t\t\t\t\t\t\t\t\t\t\t<\/div>\n\t\t\t\t<\/div>\n\t\t\t\t\t<\/div>\n\t\t<\/div>\n\t\t\t\t<div class=\"elementor-column elementor-col-50 elementor-top-column elementor-element elementor-element-5917301d\" data-id=\"5917301d\" data-element_type=\"column\">\n\t\t\t<div class=\"elementor-widget-wrap elementor-element-populated\">\n\t\t\t\t\t\t<div class=\"elementor-element elementor-element-fb0a86d elementor-icon-list--layout-traditional elementor-list-item-link-full_width elementor-widget elementor-widget-icon-list\" data-id=\"fb0a86d\" data-element_type=\"widget\" data-widget_type=\"icon-list.default\">\n\t\t\t\t<div class=\"elementor-widget-container\">\n\t\t\t\t\t\t\t<ul class=\"elementor-icon-list-items\">\n\t\t\t\t\t\t\t<li class=\"elementor-icon-list-item\">\n\t\t\t\t\t\t\t\t\t\t\t<span class=\"elementor-icon-list-icon\">\n\t\t\t\t\t\t\t<i aria-hidden=\"true\" class=\"fas fa-map-marked-alt\"><\/i>\t\t\t\t\t\t<\/span>\n\t\t\t\t\t\t\t\t\t\t<span class=\"elementor-icon-list-text\"><span style=\"font-size: 16px; font-style: normal; font-weight: 400;\">Fulya Mahallesi B\u00fcy\u00fckdere Caddesi No:42 Do\u011fu\u015fhan Kat :3, Hasan Kalyoncu \u00dcniversitesi \u00fcst\u00fc, 34394 \u015ei\u015fli\/\u0130stanbul<\/span><span style=\"font-size: 16px; font-style: normal; font-weight: 400;\"><\/span><\/span>\n\t\t\t\t\t\t\t\t\t<\/li>\n\t\t\t\t\t\t\t\t<li class=\"elementor-icon-list-item\">\n\t\t\t\t\t\t\t\t\t\t\t<a href=\"tel:02324841384\">\n\n\t\t\t\t\t\t\t\t\t\t\t\t<span class=\"elementor-icon-list-icon\">\n\t\t\t\t\t\t\t<i aria-hidden=\"true\" class=\"fas fa-phone-alt\"><\/i>\t\t\t\t\t\t<\/span>\n\t\t\t\t\t\t\t\t\t\t<span class=\"elementor-icon-list-text\">+90 212 615 10 10<\/span>\n\t\t\t\t\t\t\t\t\t\t\t<\/a>\n\t\t\t\t\t\t\t\t\t<\/li>\n\t\t\t\t\t\t\t\t<li class=\"elementor-icon-list-item\">\n\t\t\t\t\t\t\t\t\t\t\t<a href=\"mailto:info@tasariankara.com\">\n\n\t\t\t\t\t\t\t\t\t\t\t\t<span class=\"elementor-icon-list-icon\">\n\t\t\t\t\t\t\t<i aria-hidden=\"true\" class=\"fas fa-envelope\"><\/i>\t\t\t\t\t\t<\/span>\n\t\t\t\t\t\t\t\t\t\t<span class=\"elementor-icon-list-text\">mecidiyekoy@tasari.com.tr<\/span>\n\t\t\t\t\t\t\t\t\t\t\t<\/a>\n\t\t\t\t\t\t\t\t\t<\/li>\n\t\t\t\t\t\t<\/ul>\n\t\t\t\t\t\t<\/div>\n\t\t\t\t<\/div>\n\t\t\t\t<div class=\"elementor-element elementor-element-4a23a5cc elementor-widget elementor-widget-heading\" data-id=\"4a23a5cc\" data-element_type=\"widget\" data-widget_type=\"heading.default\">\n\t\t\t\t<div class=\"elementor-widget-container\">\n\t\t\t\t\t<h3 class=\"elementor-heading-title elementor-size-default\">\u00c7ALI\u015eMA SAATLER\u0130<\/h3>\t\t\t\t<\/div>\n\t\t\t\t<\/div>\n\t\t\t\t\t<\/div>\n\t\t<\/div>\n\t\t\t\t\t<\/div>\n\t\t<\/section>\n\t\t\t\t<section class=\"elementor-section elementor-top-section elementor-element elementor-element-4a3ae33d elementor-section-stretched elementor-section-full_width elementor-section-height-min-height elementor-section-height-default elementor-section-items-middle\" data-id=\"4a3ae33d\" data-element_type=\"section\" data-settings=\"{&quot;stretch_section&quot;:&quot;section-stretched&quot;}\">\n\t\t\t\t\t\t<div class=\"elementor-container elementor-column-gap-default\">\n\t\t\t\t\t<div class=\"elementor-column elementor-col-100 elementor-top-column elementor-element elementor-element-25d51649\" data-id=\"25d51649\" data-element_type=\"column\">\n\t\t\t<div class=\"elementor-widget-wrap\">\n\t\t\t\t\t\t\t<\/div>\n\t\t<\/div>\n\t\t\t\t\t<\/div>\n\t\t<\/section>\n\t\t\t\t<\/div>\n\t\t","protected":false},"excerpt":{"rendered":"<p>Fulya Mahallesi B\u00fcy\u00fckdere Caddesi No:42 Do\u011fu\u015fhan Kat :3, Hasan Kalyoncu \u00dcniversitesi \u00fcst\u00fc, 34394 \u015ei\u015fli\/\u0130stanbul +90 212 615 10 10 mecidiyekoy@tasari.com.tr \u00c7ALI\u015eMA SAATLER\u0130 PAZARTES\u0130 08:00 &#8211; 19:30 SALI 08:00 &#8211; 19:30 \u00c7AR\u015eAMBA 08:00 &#8211; 19:30 PER\u015eEMBE 08:00 &#8211; 19:30 CUMA 08:00 &#8211; 19:30 HAFTA SONU 08:00 &#8211; 19:30<\/p>\n","protected":false},"author":1,"featured_media":0,"parent":0,"menu_order":0,"comment_status":"closed","ping_status":"closed","template":"","meta":{"site-sidebar-layout":"no-sidebar","site-content-layout":"page-builder","ast-site-content-layout":"default","site-content-style":"default","site-sidebar-style":"default","ast-global-header-display":"","ast-banner-title-visibility":"","ast-main-header-display":"","ast-hfb-above-header-display":"","ast-hfb-below-header-display":"","ast-hfb-mobile-header-display":"","site-post-title":"disabled","ast-breadcrumbs-content":"","ast-featured-img":"disabled","footer-sml-layout":"","ast-disable-related-posts":"","theme-transparent-header-meta":"default","adv-header-id-meta":"","stick-header-meta":"default","header-above-stick-meta":"","header-main-stick-meta":"","header-below-stick-meta":"","astra-migrate-meta-layouts":"default","ast-page-background-enabled":"default","ast-page-background-meta":{"desktop":{"background-color":"","background-image":"","background-repeat":"repeat","background-position":"center center","background-size":"auto","background-attachment":"scroll","background-type":"","background-media":"","overlay-type":"","overlay-color":"","overlay-opacity":"","overlay-gradient":""},"tablet":{"background-color":"","background-image":"","background-repeat":"repeat","background-position":"center center","background-size":"auto","background-attachment":"scroll","background-type":"","background-media":"","overlay-type":"","overlay-color":"","overlay-opacity":"","overlay-gradient":""},"mobile":{"background-color":"","background-image":"","background-repeat":"repeat","background-position":"center center","background-size":"auto","background-attachment":"scroll","background-type":"","background-media":"","overlay-type":"","overlay-color":"","overlay-opacity":"","overlay-gradient":""}},"ast-content-background-meta":{"desktop":{"background-color":"var(--ast-global-color-5)","background-image":"","background-repeat":"repeat","background-position":"center center","background-size":"auto","background-attachment":"scroll","background-type":"","background-media":"","overlay-type":"","overlay-color":"","overlay-opacity":"","overlay-gradient":""},"tablet":{"background-color":"var(--ast-global-color-5)","background-image":"","background-repeat":"repeat","background-position":"center center","background-size":"auto","background-attachment":"scroll","background-type":"","background-media":"","overlay-type":"","overlay-color":"","overlay-opacity":"","overlay-gradient":""},"mobile":{"background-color":"var(--ast-global-color-5)","background-image":"","background-repeat":"repeat","background-position":"center center","background-size":"auto","background-attachment":"scroll","background-type":"","background-media":"","overlay-type":"","overlay-color":"","overlay-opacity":"","overlay-gradient":""}},"footnotes":""},"class_list":["post-860","page","type-page","status-publish","hentry"],"yoast_head":"<!-- This site is optimized with the Yoast SEO plugin v24.3 - https:\/\/yoast.com\/wordpress\/plugins\/seo\/ -->\n<title>Mecidiyek\u00f6y \u015eube - \u0130zmir Y\u00d6S Kurslar\u0131<\/title>\n<meta name=\"robots\" content=\"index, follow, max-snippet:-1, max-image-preview:large, max-video-preview:-1\" \/>\n<link rel=\"canonical\" href=\"https:\/\/izmiryos.com\/en\/mecidiyekoy-sube\/\" \/>\n<meta property=\"og:locale\" content=\"en_US\" \/>\n<meta property=\"og:type\" content=\"article\" \/>\n<meta property=\"og:title\" content=\"Mecidiyek\u00f6y \u015eube - \u0130zmir Y\u00d6S Kurslar\u0131\" \/>\n<meta property=\"og:description\" content=\"Fulya Mahallesi B\u00fcy\u00fckdere Caddesi No:42 Do\u011fu\u015fhan Kat :3, Hasan Kalyoncu \u00dcniversitesi \u00fcst\u00fc, 34394 \u015ei\u015fli\/\u0130stanbul +90 212 615 10 10 mecidiyekoy@tasari.com.tr \u00c7ALI\u015eMA SAATLER\u0130 PAZARTES\u0130 08:00 &#8211; 19:30 SALI 08:00 &#8211; 19:30 \u00c7AR\u015eAMBA 08:00 &#8211; 19:30 PER\u015eEMBE 08:00 &#8211; 19:30 CUMA 08:00 &#8211; 19:30 HAFTA SONU 08:00 &#8211; 19:30\" \/>\n<meta property=\"og:url\" content=\"https:\/\/izmiryos.com\/en\/mecidiyekoy-sube\/\" \/>\n<meta property=\"og:site_name\" content=\"\u0130zmir Y\u00d6S Kurslar\u0131\" \/>\n<meta property=\"article:publisher\" content=\"https:\/\/www.facebook.com\/tasariizmir\" \/>\n<meta property=\"article:modified_time\" content=\"2019-11-20T10:26:14+00:00\" \/>\n<meta name=\"twitter:card\" content=\"summary_large_image\" \/>\n<meta name=\"twitter:site\" content=\"@izmirtasari\" \/>\n<script type=\"application\/ld+json\" class=\"yoast-schema-graph\">{\"@context\":\"https:\/\/schema.org\",\"@graph\":[{\"@type\":\"WebPage\",\"@id\":\"https:\/\/izmiryos.com\/en\/mecidiyekoy-sube\/\",\"url\":\"https:\/\/izmiryos.com\/en\/mecidiyekoy-sube\/\",\"name\":\"Mecidiyek\u00f6y \u015eube - \u0130zmir Y\u00d6S Kurslar\u0131\",\"isPartOf\":{\"@id\":\"https:\/\/izmiryos.com\/#website\"},\"datePublished\":\"2019-11-05T07:16:51+00:00\",\"dateModified\":\"2019-11-20T10:26:14+00:00\",\"breadcrumb\":{\"@id\":\"https:\/\/izmiryos.com\/en\/mecidiyekoy-sube\/#breadcrumb\"},\"inLanguage\":\"en-US\",\"potentialAction\":[{\"@type\":\"ReadAction\",\"target\":[\"https:\/\/izmiryos.com\/en\/mecidiyekoy-sube\/\"]}]},{\"@type\":\"BreadcrumbList\",\"@id\":\"https:\/\/izmiryos.com\/en\/mecidiyekoy-sube\/#breadcrumb\",\"itemListElement\":[{\"@type\":\"ListItem\",\"position\":1,\"name\":\"Anasayfa\",\"item\":\"https:\/\/izmiryos.com\/\"},{\"@type\":\"ListItem\",\"position\":2,\"name\":\"Mecidiyek\u00f6y \u015eube\"}]},{\"@type\":\"WebSite\",\"@id\":\"https:\/\/izmiryos.com\/#website\",\"url\":\"https:\/\/izmiryos.com\/\",\"name\":\"\u0130zmir Y\u00d6S Kurslar\u0131\",\"description\":\"Y\u00d6S-T\u00d6MER Kurslar\u0131\",\"publisher\":{\"@id\":\"https:\/\/izmiryos.com\/#organization\"},\"potentialAction\":[{\"@type\":\"SearchAction\",\"target\":{\"@type\":\"EntryPoint\",\"urlTemplate\":\"https:\/\/izmiryos.com\/?s={search_term_string}\"},\"query-input\":{\"@type\":\"PropertyValueSpecification\",\"valueRequired\":true,\"valueName\":\"search_term_string\"}}],\"inLanguage\":\"en-US\"},{\"@type\":\"Organization\",\"@id\":\"https:\/\/izmiryos.com\/#organization\",\"name\":\"\u0130zmir Y\u00d6S Kurslar\u0131\",\"url\":\"https:\/\/izmiryos.com\/\",\"logo\":{\"@type\":\"ImageObject\",\"inLanguage\":\"en-US\",\"@id\":\"https:\/\/izmiryos.com\/#\/schema\/logo\/image\/\",\"url\":\"https:\/\/izmiryos.com\/wp-content\/uploads\/logo.png\",\"contentUrl\":\"https:\/\/izmiryos.com\/wp-content\/uploads\/logo.png\",\"width\":227,\"height\":63,\"caption\":\"\u0130zmir Y\u00d6S Kurslar\u0131\"},\"image\":{\"@id\":\"https:\/\/izmiryos.com\/#\/schema\/logo\/image\/\"},\"sameAs\":[\"https:\/\/www.facebook.com\/tasariizmir\",\"https:\/\/x.com\/izmirtasari\"]}]}<\/script>\n<!-- \/ Yoast SEO plugin. -->","yoast_head_json":{"title":"Mecidiyek\u00f6y \u015eube - \u0130zmir Y\u00d6S Kurslar\u0131","robots":{"index":"index","follow":"follow","max-snippet":"max-snippet:-1","max-image-preview":"max-image-preview:large","max-video-preview":"max-video-preview:-1"},"canonical":"https:\/\/izmiryos.com\/en\/mecidiyekoy-sube\/","og_locale":"en_US","og_type":"article","og_title":"Mecidiyek\u00f6y \u015eube - \u0130zmir Y\u00d6S Kurslar\u0131","og_description":"Fulya Mahallesi B\u00fcy\u00fckdere Caddesi No:42 Do\u011fu\u015fhan Kat :3, Hasan Kalyoncu \u00dcniversitesi \u00fcst\u00fc, 34394 \u015ei\u015fli\/\u0130stanbul +90 212 615 10 10 mecidiyekoy@tasari.com.tr \u00c7ALI\u015eMA SAATLER\u0130 PAZARTES\u0130 08:00 &#8211; 19:30 SALI 08:00 &#8211; 19:30 \u00c7AR\u015eAMBA 08:00 &#8211; 19:30 PER\u015eEMBE 08:00 &#8211; 19:30 CUMA 08:00 &#8211; 19:30 HAFTA SONU 08:00 &#8211; 19:30","og_url":"https:\/\/izmiryos.com\/en\/mecidiyekoy-sube\/","og_site_name":"\u0130zmir Y\u00d6S Kurslar\u0131","article_publisher":"https:\/\/www.facebook.com\/tasariizmir","article_modified_time":"2019-11-20T10:26:14+00:00","twitter_card":"summary_large_image","twitter_site":"@izmirtasari","schema":{"@context":"https:\/\/schema.org","@graph":[{"@type":"WebPage","@id":"https:\/\/izmiryos.com\/en\/mecidiyekoy-sube\/","url":"https:\/\/izmiryos.com\/en\/mecidiyekoy-sube\/","name":"Mecidiyek\u00f6y \u015eube - \u0130zmir Y\u00d6S Kurslar\u0131","isPartOf":{"@id":"https:\/\/izmiryos.com\/#website"},"datePublished":"2019-11-05T07:16:51+00:00","dateModified":"2019-11-20T10:26:14+00:00","breadcrumb":{"@id":"https:\/\/izmiryos.com\/en\/mecidiyekoy-sube\/#breadcrumb"},"inLanguage":"en-US","potentialAction":[{"@type":"ReadAction","target":["https:\/\/izmiryos.com\/en\/mecidiyekoy-sube\/"]}]},{"@type":"BreadcrumbList","@id":"https:\/\/izmiryos.com\/en\/mecidiyekoy-sube\/#breadcrumb","itemListElement":[{"@type":"ListItem","position":1,"name":"Anasayfa","item":"https:\/\/izmiryos.com\/"},{"@type":"ListItem","position":2,"name":"Mecidiyek\u00f6y \u015eube"}]},{"@type":"WebSite","@id":"https:\/\/izmiryos.com\/#website","url":"https:\/\/izmiryos.com\/","name":"\u0130zmir Y\u00d6S Kurslar\u0131","description":"Y\u00d6S-T\u00d6MER Kurslar\u0131","publisher":{"@id":"https:\/\/izmiryos.com\/#organization"},"potentialAction":[{"@type":"SearchAction","target":{"@type":"EntryPoint","urlTemplate":"https:\/\/izmiryos.com\/?s={search_term_string}"},"query-input":{"@type":"PropertyValueSpecification","valueRequired":true,"valueName":"search_term_string"}}],"inLanguage":"en-US"},{"@type":"Organization","@id":"https:\/\/izmiryos.com\/#organization","name":"\u0130zmir Y\u00d6S Kurslar\u0131","url":"https:\/\/izmiryos.com\/","logo":{"@type":"ImageObject","inLanguage":"en-US","@id":"https:\/\/izmiryos.com\/#\/schema\/logo\/image\/","url":"https:\/\/izmiryos.com\/wp-content\/uploads\/logo.png","contentUrl":"https:\/\/izmiryos.com\/wp-content\/uploads\/logo.png","width":227,"height":63,"caption":"\u0130zmir Y\u00d6S Kurslar\u0131"},"image":{"@id":"https:\/\/izmiryos.com\/#\/schema\/logo\/image\/"},"sameAs":["https:\/\/www.facebook.com\/tasariizmir","https:\/\/x.com\/izmirtasari"]}]}},"_links":{"self":[{"href":"https:\/\/izmiryos.com\/en\/wp-json\/wp\/v2\/pages\/860","targetHints":{"allow":["GET"]}}],"collection":[{"href":"https:\/\/izmiryos.com\/en\/wp-json\/wp\/v2\/pages"}],"about":[{"href":"https:\/\/izmiryos.com\/en\/wp-json\/wp\/v2\/types\/page"}],"author":[{"embeddable":true,"href":"https:\/\/izmiryos.com\/en\/wp-json\/wp\/v2\/users\/1"}],"replies":[{"embeddable":true,"href":"https:\/\/izmiryos.com\/en\/wp-json\/wp\/v2\/comments?post=860"}],"version-history":[{"count":3,"href":"https:\/\/izmiryos.com\/en\/wp-json\/wp\/v2\/pages\/860\/revisions"}],"predecessor-version":[{"id":1682,"href":"https:\/\/izmiryos.com\/en\/wp-json\/wp\/v2\/pages\/860\/revisions\/1682"}],"wp:attachment":[{"href":"https:\/\/izmiryos.com\/en\/wp-json\/wp\/v2\/media?parent=860"}],"curies":[{"name":"wp","href":"https:\/\/api.w.org\/{rel}","templated":true}]}}