{"id":285,"date":"2019-11-05T10:02:32","date_gmt":"2019-11-05T07:02:32","guid":{"rendered":"http:\/\/izmiryos.com\/hakkimizda\/"},"modified":"2024-11-18T14:01:49","modified_gmt":"2024-11-18T11:01:49","slug":"hakkimizda","status":"publish","type":"page","link":"https:\/\/izmiryos.com\/fa\/hakkimizda\/","title":{"rendered":"\u062f\u0631\u0628\u0627\u0631\u0647 \u0645\u0627"},"content":{"rendered":"\t\t<div data-elementor-type=\"wp-page\" data-elementor-id=\"285\" class=\"elementor elementor-285\" data-elementor-post-type=\"page\">\n\t\t\t\t<div class=\"elementor-element elementor-element-58ddcde4 e-flex e-con-boxed e-con e-parent\" data-id=\"58ddcde4\" data-element_type=\"container\">\n\t\t\t\t\t<div class=\"e-con-inner\">\n\t\t\t\t<div class=\"elementor-element elementor-element-315f267e elementor-widget elementor-widget-text-editor\" data-id=\"315f267e\" data-element_type=\"widget\" data-widget_type=\"text-editor.default\">\n\t\t\t\t<div class=\"elementor-widget-container\">\n\t\t\t\t\t\t\t\t\t\n<p>\u0622\u0645\u0648\u0632\u0634\u06af\u0627\u0647 \u062a\u0627\u0633\u0627\u0631\u06cc \u0628\u0627 \u0648\u0631\u0648\u062f \u0628\u0647 \u0639\u0631\u0635\u0647 \u0622\u0645\u0648\u0632\u0634\u06cc \u0648 \u062a\u062d\u0635\u06cc\u0644\u06cc \u062f\u0631 \u0633\u0627\u0644 1984 \u0628\u0639\u0646\u0648\u0627\u0646 \u067e\u06cc\u0634\u0631\u0648 \u0627\u06cc\u0646 \u0628\u062e\u0634 \u0634\u0631\u0648\u0639 \u0628\u0647 \u0641\u0639\u0627\u0644\u06cc\u062a \u06a9\u0631\u062f. \u0627\u0632 \u06af\u0630\u0634\u062a\u0647 \u062a\u0627 \u0627\u06a9\u0646\u0648\u0646 \u062f\u0627\u0646\u0634\u062c\u0648\u06cc\u0627\u0646 \u0628\u0633\u06cc\u0627\u0631\u06cc \u0631\u0627 \u062f\u0631 \u0645\u0642\u0637\u0639 \u062f\u06cc\u067e\u0644\u0645 \u060c \u0641\u0648\u0642 \u062f\u06cc\u067e\u0644\u0645 \u060c \u0644\u06cc\u0633\u0627\u0646\u0633 \u0648 \u0641\u0648\u0642 \u0644\u06cc\u0633\u0627\u0646\u0633 \u0628\u0647 \u0647\u062f\u0641\u0634\u0627\u0646 \u0631\u0633\u0627\u0646\u062f\u0647 \u0648 \u0628\u0647 \u0627\u0641\u062a\u062e\u0627\u0631\u0627\u062a \u0648 \u0645\u0648\u0641\u0642\u06cc\u062a \u0647\u0627\u06cc \u0632\u06cc\u0627\u062f\u06cc \u062f\u0633\u062a \u06cc\u0627\u0641\u062a\u0647 \u0627\u0633\u062a. <\/p>\n\n\n\n<p>\u0645\u0648\u0641\u0642 \u062a\u0631\u06cc\u0646 \u0622\u0645\u0648\u0632\u0634\u06af\u0627\u0647 \u062a\u0631\u06a9\u06cc\u0647 \u062f\u0631\u0628\u0631\u06af\u0632\u0627\u0631\u06cc \u0648 \u0642\u0628\u0648\u0644\u06cc \u062f\u0648\u0631\u0647 \u0647\u0627\u06cc \u06cc\u0648\u0633 \u062a\u0627 \u0628\u0647 \u0627\u0645\u0631\u0648\u0632 \u0628\u0648\u062f\u0647 \u0648 \u0628\u0627 \u0645\u0648\u0641\u0642\u06cc\u062a \u0647\u0627\u06cc \u0631\u0648\u0632\u0627\u0641\u0632\u0648\u0646 \u06cc\u06a9\u06cc \u0627\u0632 \u0645\u0639\u062f\u0648\u062f \u0633\u0627\u0632\u0645\u0627\u0646 \u0647\u0627\u06cc \u0645\u0648\u0641\u0642 \u062f\u0631 \u0627\u06cc\u0646 \u0628\u062e\u0634 \u0645\u06cc \u0628\u0627\u0634\u062f.\u062a\u0627\u0633\u0627\u0631\u06cc \u0628\u0639\u0646\u0648\u0627\u0646 \u067e\u06cc\u0634\u0642\u062f\u0645 \u062f\u0631 \u062a\u063a\u06cc\u06cc\u0631 \u0648 \u0628\u0631\u0648\u0632\u0631\u0633\u0627\u0646\u06cc \u0645\u062a\u062f \u0647\u0627 \u060c \u0633\u06cc\u0633\u062a\u0645 \u0647\u0627\u06cc \u0622\u0645\u0648\u0632\u0634\u06cc \u0648 \u0627\u0641\u0632\u0627\u06cc\u0634 \u0642\u0628\u0648\u0644\u06cc \u0648 \u0645\u0648\u0641\u0642\u06cc\u062a \u062f\u0631 \u0622\u0632\u0645\u0648\u0646 \u0647\u0627 \u0645\u0639\u0631\u0648\u0641 \u0645\u06cc \u0628\u0627\u0634\u062f. <\/p>\n\n\n\n<p>\u0628\u0627\u062a\u0648\u062c\u0647 \u0628\u0647 \u062f\u0631\u062e\u0648\u0627\u0633\u062a \u0647\u0627 \u0648 \u062a\u0642\u0627\u0636\u06cc \u0632\u06cc\u0627\u062f \u0627\u0632 \u0637\u0631\u0641 \u0645\u062a\u0642\u0627\u0636\u06cc\u0627\u0646 \u062a\u0627\u0633\u0627\u0631\u06cc \u062f\u0631 \u0634\u0647\u0631 \u0647\u0627\u06cc \u0645\u0647\u0645 \u062a\u0631\u06a9\u06cc\u0647 \u0627\u0642\u062f\u0627\u0645 \u0628\u0647 \u062a\u0627\u0633\u06cc\u0633 \u0634\u0639\u0628\u0647 \u0647\u0627 \u06a9\u0631\u062f \u0648 \u0628\u0627 \u0627\u062d\u062a\u0633\u0627\u0628 \u0633\u0647 \u0634\u0647\u0631 \u0627\u0635\u0644\u06cc \u062a\u0631\u06a9\u06cc\u0647 \u062f\u0631\u0645\u062c\u0645\u0648\u0639 12 \u0634\u0639\u0628\u0647 \u0641\u0639\u0627\u0644 \u062f\u0631 \u062a\u0631\u06a9\u06cc\u0647 \u062f\u0627\u0631\u062f.\u062a\u0627\u0633\u0627\u0631\u06cc \u062f\u0631 \u0634\u0639\u0628\u0647 \u0647\u0627\u06cc \u0627\u0633\u062a\u0627\u0646\u0628\u0648\u0644 \u060c \u0622\u0646\u06a9\u0627\u0631\u0627 \u060c \u0627\u0632\u0645\u06cc\u0631 \u060c \u0628\u0648\u0631\u0633\u0627 \u060c \u0622\u0646\u062a\u0627\u0644\u06cc\u0627 \u0633\u0627\u0644\u0627\u0646\u0647 2.000 \u0645\u062a\u0642\u0627\u0636\u06cc \u062f\u0631 \u0645\u0642\u0637\u0639 \u062f\u06cc\u067e\u0644\u0645 \u0631\u0627 \u0628\u0627 \u0622\u0632\u0645\u0648\u0646 \u06cc\u0648\u0633 \u0628\u0647 \u0628\u0647\u062a\u0631\u06cc\u0646 \u062f\u0627\u0646\u0634\u06af\u0627\u0647 \u0647\u0627\u06cc \u062a\u0631\u06a9\u06cc\u0647 \u0631\u0633\u0627\u0646\u062f\u0647 \u0648 \u0645\u062a\u0642\u0627\u0636\u06cc\u0627\u0646 \u0645\u0648\u0641\u0642 \u0628\u0647 \u062f\u0631\u06cc\u0627\u0641\u062a \u067e\u0630\u06cc\u0631\u0634 \u0645\u06cc \u0634\u0648\u0646\u062f. \u062f\u0627\u0646\u0634\u06af\u0627 \u0647\u0627\u06cc \u0645\u0639\u0631\u0648\u0641\u06cc \u0647\u0645\u0686\u0648\u0646 \u0628\u0648\u063a\u0627\u0632\u0627\u06cc\u0686\u06cc \u060c \u062f\u0627\u0646\u0634\u06af\u0627\u0647 \u062e\u0627\u0648\u0631\u0645\u06cc\u0627\u0646\u0647 \u060c \u062f\u0627\u0646\u0634\u06af\u0627\u0647 \u0627\u0633\u062a\u0627\u0646\u0628\u0648\u0644 \u062a\u06a9\u0646\u06cc\u06a9 \u060c \u06cc\u06cc\u0644\u062f\u06cc\u0632 \u062a\u06a9\u0646\u06cc\u06a9 \u060c \u0645\u0627\u0631\u0645\u0627\u0631\u0627 \u060c \u0627\u0698\u0647 \u060c 9 \u0627\u06cc\u0644\u0648\u0644 \u06a9\u0647 \u062f\u0631 \u0632\u0645\u06cc\u0646\u0647 \u0622\u0645\u0648\u0632\u0634 \u062c\u0632\u0648 \u0628\u0631\u0646\u062f \u0647\u0627 \u0648 \u0628\u0647\u062a\u0631\u06cc\u0646 \u0647\u0627\u06cc \u062a\u0631\u06a9\u06cc\u0647 \u0645\u06cc \u0628\u0627\u0634\u0646\u062f \u060c \u0633\u0627\u0644\u0627\u0646\u0647 75 % \u0627\u0632 \u0638\u0631\u0641\u06cc\u062a \u0647\u0627\u06cc\u0634\u0627\u0646 \u062a\u0648\u0633\u0637 \u0622\u0645\u0648\u0632\u0634\u06af\u0627\u0647 \u062a\u0627\u0633\u0627\u0631\u06cc \u062a\u06a9\u0645\u06cc\u0644 \u0645\u06cc \u0634\u0648\u062f. <\/p>\n\n\n\n<p>\u0622\u0645\u0648\u0632\u0634\u06af\u0627\u0647 \u0647\u0627\u06cc \u062a\u0627\u0633\u0627\u0631\u06cc \u062f\u0631 10 \u0633\u0627\u0644 \u0627\u062e\u06cc\u0631 \u0628\u06cc\u0634 \u0627\u0632 \u0635\u062f\u0646\u0641\u0631 \u0631\u062a\u0628\u0647 \u0627\u0648\u0644 \u062f\u0627\u0646\u0634\u06af\u0627\u0647 \u0647\u0627 \u062f\u0631 \u0622\u0632\u0645\u0648\u0646 \u06cc\u0648\u0633 \u062f\u0627\u0634\u062a\u0647 \u0648 \u0628\u0627 \u0627\u06cc\u0646 \u0646\u062a\u06cc\u062c\u0647 \u0627\u062b\u0628\u0627\u062a \u06a9\u0631\u062f\u0647 \u0627\u06cc\u0645 \u06a9\u0647 \u0645\u0648\u0641\u0642\u06cc\u062a \u062a\u0635\u0627\u062f\u0641\u06cc \u0646\u0628\u0648\u062f\u0647 \u0648 \u062f\u0631 \u0645\u0633\u06cc\u0631 \u0645\u0648\u0641\u0642\u06cc\u062a \u062f\u0627\u0646\u0634\u062c\u0648\u06cc\u0627\u0646 \u062f\u0631 \u0647\u0631 \u0622\u0632\u0645\u0648\u0646 \u0633\u0647\u0645 \u0645\u0647\u0645\u06cc \u062f\u0627\u0634\u062a\u0647 \u0627\u06cc\u0645. \u0634\u0639\u0627\u0631 &#8221; \u0647\u062f\u0641 \u0645\u0648\u0641\u0642\u06cc\u062a \u0628\u0627\u0634\u0647 \u060c \u0622\u062f\u0631\u0633 \u062a\u0627\u0633\u0627\u0631\u06cc\u0647 &#8221; \u0631\u0627 \u062f\u0631 \u0647\u0631 \u0632\u0645\u06cc\u0646\u0647 \u0627\u062b\u0628\u0627\u062a \u06a9\u0631\u062f\u0647 \u0648 \u0628\u0627 \u0633\u06cc\u0633\u062a\u0645 \u0622\u0645\u0648\u0632\u0634\u06cc \u0635\u062d\u06cc\u062d \u062a\u0645\u0627\u0645\u06cc \u0645\u0648\u0627\u0646\u0639 \u0631\u0627 \u0627\u0632 \u0645\u0633\u06cc\u0631 \u0628\u0631\u062f\u0627\u0634\u062a\u0647 \u0627\u06cc\u0645. \u0628\u0627 \u067e\u0634\u062a \u0633\u0631\u06af\u0630\u0627\u0634\u062a\u0646 \u0645\u062a\u062f \u0647\u0627\u06cc \u0633\u0646\u062a\u06cc \u0648 \u0642\u0627\u0644\u0628 \u0647\u0627\u06cc \u06cc\u06a9\u0633\u0627\u0646 \u0622\u0645\u0648\u0632\u0634\u06cc \u0648 \u0647\u0645\u06af\u0627\u0645 \u0628\u0627 \u0634\u0631\u0627\u06cc\u0637 \u0631\u0648\u0632 \u0648 \u0628\u0627 \u0627\u0633\u062a\u0641\u0627\u062f\u0647 \u0627\u0632 \u0627\u0645\u06a9\u0627\u0646\u0627\u062a \u062a\u06a9\u0646\u0648\u0644\u0648\u0698\u06cc \u060c \u062c\u0648\u0627\u0628\u06af\u0648\u06cc \u062a\u0642\u0627\u0636\u0627\u0647\u0627 \u0648 \u0627\u0646\u062a\u0638\u0627\u0631\u0627\u062a \u0646\u0633\u0644 \u062c\u062f\u06cc\u062f \u0648 \u0627\u0644\u06af\u0648\u06cc \u0628\u0633\u06cc\u0627\u0631\u06cc \u0627\u0632 \u0622\u0645\u0648\u0632\u0634\u06af\u0627\u0647 \u0647\u0627 \u062f\u0631 \u0632\u0645\u06cc\u0646\u0647 \u0645\u062f\u06cc\u0631\u06cc\u062a \u0648 \u0633\u06cc\u0633\u062a\u0645 \u0622\u0645\u0648\u0632\u0634\u06cc \u0628\u0648\u062f\u0647 \u0627\u06cc\u0645. <\/p>\n\n\n\n<p>\u062a\u0627\u0633\u0627\u0631\u06cc \u0628\u0627 \u062a\u062c\u0631\u0628\u0647 36 \u0633\u0627\u0644\u0647 \u0648 \u0633\u0627\u0628\u0642\u0647 \u062f\u0631\u062e\u0634\u0627\u0646 \u0628\u0647 \u06cc\u06a9 \u0622\u0645\u0648\u0632\u0634\u06af\u0627\u0647 \u0628\u0627 \u062f\u0631 \u0641\u0636\u0627\u06cc \u0622\u0645\u0648\u0632\u0634\u06cc \u062a\u0628\u062f\u06cc\u0644 \u0634\u062f\u0647 \u0648 \u062f\u0631 \u0627\u06cc\u0646 \u0628\u062e\u0634 \u062a\u0642\u062f\u06cc\u0631 \u0647\u0627\u06cc \u0632\u06cc\u0627\u062f\u06cc \u0631\u0627\n\u062f\u0631\u06cc\u0627\u0641\u062a \u06a9\u0631\u062f\u0647 \u0627\u0633\u062a. \u062a\u0627\u0633\u0627\u0631\u06cc \u0628\u0647 \u0648\u0638\u06cc\u0641\u0647 \u062e\u0648\u062f \u062f\u0631 \u0645\u0633\u06cc\u0631 \u0631\u0633\u0627\u0646\u062f\u0646 \u062f\u0627\u0646\u0634\u062c\u0648\u06cc\u0627\u0646 \u0628\u0647 \u0647\u062f\u0641\u0634\u0627\u0646 \u0628\u0627 \u0642\u062f\u0631\u062a \u062f\u0631 \u0627\u06cc\u0646 \u0645\u0633\u06cc\u0631 \u0627\u062f\u0627\u0645\u0647 \u0645\u06cc \u062f\u0647\u062f.\n<\/p>\n\t\t\t\t\t\t\t\t<\/div>\n\t\t\t\t<\/div>\n\t\t\t\t\t<\/div>\n\t\t\t\t<\/div>\n\t\t<div class=\"elementor-element elementor-element-2d7c701 e-flex e-con-boxed e-con e-parent\" data-id=\"2d7c701\" data-element_type=\"container\">\n\t\t\t\t\t<div class=\"e-con-inner\">\n\t\t\t\t\t<\/div>\n\t\t\t\t<\/div>\n\t\t<div class=\"elementor-element elementor-element-1e35d9a e-con-full e-flex e-con e-parent\" data-id=\"1e35d9a\" data-element_type=\"container\">\n\t\t\t\t<div class=\"elementor-element elementor-element-c465915 elementor-widget elementor-widget-video\" data-id=\"c465915\" data-element_type=\"widget\" data-settings=\"{&quot;youtube_url&quot;:&quot;https:\\\/\\\/youtu.be\\\/nzK9t9pH6I0&quot;,&quot;autoplay&quot;:&quot;yes&quot;,&quot;mute&quot;:&quot;yes&quot;,&quot;video_type&quot;:&quot;youtube&quot;,&quot;controls&quot;:&quot;yes&quot;}\" data-widget_type=\"video.default\">\n\t\t\t\t<div class=\"elementor-widget-container\">\n\t\t\t\t\t\t\t<div class=\"elementor-wrapper elementor-open-inline\">\n\t\t\t<div class=\"elementor-video\"><\/div>\t\t<\/div>\n\t\t\t\t\t\t<\/div>\n\t\t\t\t<\/div>\n\t\t\t\t<\/div>\n\t\t\t\t<\/div>\n\t\t","protected":false},"excerpt":{"rendered":"<p>\u0622\u0645\u0648\u0632\u0634\u06af\u0627\u0647 \u062a\u0627\u0633\u0627\u0631\u06cc \u0628\u0627 \u0648\u0631\u0648\u062f \u0628\u0647 \u0639\u0631\u0635\u0647 \u0622\u0645\u0648\u0632\u0634\u06cc \u0648 \u062a\u062d\u0635\u06cc\u0644\u06cc \u062f\u0631 \u0633\u0627\u0644 1984 \u0628\u0639\u0646\u0648\u0627\u0646 \u067e\u06cc\u0634\u0631\u0648 \u0627\u06cc\u0646 \u0628\u062e\u0634 \u0634\u0631\u0648\u0639 \u0628\u0647 \u0641\u0639\u0627\u0644\u06cc\u062a \u06a9\u0631\u062f. \u0627\u0632 \u06af\u0630\u0634\u062a\u0647 \u062a\u0627 \u0627\u06a9\u0646\u0648\u0646 \u062f\u0627\u0646\u0634\u062c\u0648\u06cc\u0627\u0646 \u0628\u0633\u06cc\u0627\u0631\u06cc \u0631\u0627 \u062f\u0631 \u0645\u0642\u0637\u0639 \u062f\u06cc\u067e\u0644\u0645 \u060c \u0641\u0648\u0642 \u062f\u06cc\u067e\u0644\u0645 \u060c \u0644\u06cc\u0633\u0627\u0646\u0633 \u0648 \u0641\u0648\u0642 \u0644\u06cc\u0633\u0627\u0646\u0633 \u0628\u0647 \u0647\u062f\u0641\u0634\u0627\u0646 \u0631\u0633\u0627\u0646\u062f\u0647 \u0648 \u0628\u0647 \u0627\u0641\u062a\u062e\u0627\u0631\u0627\u062a \u0648 \u0645\u0648\u0641\u0642\u06cc\u062a \u0647\u0627\u06cc \u0632\u06cc\u0627\u062f\u06cc \u062f\u0633\u062a \u06cc\u0627\u0641\u062a\u0647 \u0627\u0633\u062a. \u0645\u0648\u0641\u0642 \u062a\u0631\u06cc\u0646 \u0622\u0645\u0648\u0632\u0634\u06af\u0627\u0647 \u062a\u0631\u06a9\u06cc\u0647 [&hellip;]<\/p>\n","protected":false},"author":1,"featured_media":0,"parent":0,"menu_order":0,"comment_status":"closed","ping_status":"closed","template":"","meta":{"site-sidebar-layout":"default","site-content-layout":"default","ast-site-content-layout":"default","site-content-style":"default","site-sidebar-style":"default","ast-global-header-display":"","ast-banner-title-visibility":"","ast-main-header-display":"","ast-hfb-above-header-display":"","ast-hfb-below-header-display":"","ast-hfb-mobile-header-display":"","site-post-title":"","ast-breadcrumbs-content":"","ast-featured-img":"","footer-sml-layout":"","ast-disable-related-posts":"","theme-transparent-header-meta":"default","adv-header-id-meta":"","stick-header-meta":"default","header-above-stick-meta":"","header-main-stick-meta":"","header-below-stick-meta":"","astra-migrate-meta-layouts":"set","ast-page-background-enabled":"default","ast-page-background-meta":{"desktop":{"background-color":"","background-image":"","background-repeat":"repeat","background-position":"center center","background-size":"auto","background-attachment":"scroll","background-type":"","background-media":"","overlay-type":"","overlay-color":"","overlay-opacity":"","overlay-gradient":""},"tablet":{"background-color":"","background-image":"","background-repeat":"repeat","background-position":"center center","background-size":"auto","background-attachment":"scroll","background-type":"","background-media":"","overlay-type":"","overlay-color":"","overlay-opacity":"","overlay-gradient":""},"mobile":{"background-color":"","background-image":"","background-repeat":"repeat","background-position":"center center","background-size":"auto","background-attachment":"scroll","background-type":"","background-media":"","overlay-type":"","overlay-color":"","overlay-opacity":"","overlay-gradient":""}},"ast-content-background-meta":{"desktop":{"background-color":"var(--ast-global-color-5)","background-image":"","background-repeat":"repeat","background-position":"center center","background-size":"auto","background-attachment":"scroll","background-type":"","background-media":"","overlay-type":"","overlay-color":"","overlay-opacity":"","overlay-gradient":""},"tablet":{"background-color":"var(--ast-global-color-5)","background-image":"","background-repeat":"repeat","background-position":"center center","background-size":"auto","background-attachment":"scroll","background-type":"","background-media":"","overlay-type":"","overlay-color":"","overlay-opacity":"","overlay-gradient":""},"mobile":{"background-color":"var(--ast-global-color-5)","background-image":"","background-repeat":"repeat","background-position":"center center","background-size":"auto","background-attachment":"scroll","background-type":"","background-media":"","overlay-type":"","overlay-color":"","overlay-opacity":"","overlay-gradient":""}},"footnotes":""},"class_list":["post-285","page","type-page","status-publish","hentry"],"yoast_head":"<!-- This site is optimized with the Yoast SEO plugin v24.3 - https:\/\/yoast.com\/wordpress\/plugins\/seo\/ -->\n<title>\u062f\u0631\u0628\u0627\u0631\u0647 \u0645\u0627 - \u0130zmir Y\u00d6S Kurslar\u0131<\/title>\n<meta name=\"robots\" content=\"index, follow, max-snippet:-1, max-image-preview:large, max-video-preview:-1\" \/>\n<link rel=\"canonical\" href=\"https:\/\/izmiryos.com\/fa\/hakkimizda\/\" \/>\n<meta property=\"og:locale\" content=\"fa_IR\" \/>\n<meta property=\"og:type\" content=\"article\" \/>\n<meta property=\"og:title\" content=\"\u062f\u0631\u0628\u0627\u0631\u0647 \u0645\u0627 - \u0130zmir Y\u00d6S Kurslar\u0131\" \/>\n<meta property=\"og:description\" content=\"\u0622\u0645\u0648\u0632\u0634\u06af\u0627\u0647 \u062a\u0627\u0633\u0627\u0631\u06cc \u0628\u0627 \u0648\u0631\u0648\u062f \u0628\u0647 \u0639\u0631\u0635\u0647 \u0622\u0645\u0648\u0632\u0634\u06cc \u0648 \u062a\u062d\u0635\u06cc\u0644\u06cc \u062f\u0631 \u0633\u0627\u0644 1984 \u0628\u0639\u0646\u0648\u0627\u0646 \u067e\u06cc\u0634\u0631\u0648 \u0627\u06cc\u0646 \u0628\u062e\u0634 \u0634\u0631\u0648\u0639 \u0628\u0647 \u0641\u0639\u0627\u0644\u06cc\u062a \u06a9\u0631\u062f. \u0627\u0632 \u06af\u0630\u0634\u062a\u0647 \u062a\u0627 \u0627\u06a9\u0646\u0648\u0646 \u062f\u0627\u0646\u0634\u062c\u0648\u06cc\u0627\u0646 \u0628\u0633\u06cc\u0627\u0631\u06cc \u0631\u0627 \u062f\u0631 \u0645\u0642\u0637\u0639 \u062f\u06cc\u067e\u0644\u0645 \u060c \u0641\u0648\u0642 \u062f\u06cc\u067e\u0644\u0645 \u060c \u0644\u06cc\u0633\u0627\u0646\u0633 \u0648 \u0641\u0648\u0642 \u0644\u06cc\u0633\u0627\u0646\u0633 \u0628\u0647 \u0647\u062f\u0641\u0634\u0627\u0646 \u0631\u0633\u0627\u0646\u062f\u0647 \u0648 \u0628\u0647 \u0627\u0641\u062a\u062e\u0627\u0631\u0627\u062a \u0648 \u0645\u0648\u0641\u0642\u06cc\u062a \u0647\u0627\u06cc \u0632\u06cc\u0627\u062f\u06cc \u062f\u0633\u062a \u06cc\u0627\u0641\u062a\u0647 \u0627\u0633\u062a. \u0645\u0648\u0641\u0642 \u062a\u0631\u06cc\u0646 \u0622\u0645\u0648\u0632\u0634\u06af\u0627\u0647 \u062a\u0631\u06a9\u06cc\u0647 [&hellip;]\" \/>\n<meta property=\"og:url\" content=\"https:\/\/izmiryos.com\/fa\/hakkimizda\/\" \/>\n<meta property=\"og:site_name\" content=\"\u0130zmir Y\u00d6S Kurslar\u0131\" \/>\n<meta property=\"article:publisher\" content=\"https:\/\/www.facebook.com\/tasariizmir\" \/>\n<meta property=\"article:modified_time\" content=\"2024-11-18T11:01:49+00:00\" \/>\n<meta name=\"twitter:card\" content=\"summary_large_image\" \/>\n<meta name=\"twitter:site\" content=\"@izmirtasari\" \/>\n<meta name=\"twitter:label1\" content=\"Est. reading time\" \/>\n\t<meta name=\"twitter:data1\" content=\"3 minutes\" \/>\n<script type=\"application\/ld+json\" class=\"yoast-schema-graph\">{\"@context\":\"https:\/\/schema.org\",\"@graph\":[{\"@type\":\"WebPage\",\"@id\":\"https:\/\/izmiryos.com\/fa\/hakkimizda\/\",\"url\":\"https:\/\/izmiryos.com\/fa\/hakkimizda\/\",\"name\":\"\u062f\u0631\u0628\u0627\u0631\u0647 \u0645\u0627 - \u0130zmir Y\u00d6S Kurslar\u0131\",\"isPartOf\":{\"@id\":\"https:\/\/izmiryos.com\/#website\"},\"datePublished\":\"2019-11-05T07:02:32+00:00\",\"dateModified\":\"2024-11-18T11:01:49+00:00\",\"breadcrumb\":{\"@id\":\"https:\/\/izmiryos.com\/fa\/hakkimizda\/#breadcrumb\"},\"inLanguage\":\"fa-IR\",\"potentialAction\":[{\"@type\":\"ReadAction\",\"target\":[\"https:\/\/izmiryos.com\/fa\/hakkimizda\/\"]}]},{\"@type\":\"BreadcrumbList\",\"@id\":\"https:\/\/izmiryos.com\/fa\/hakkimizda\/#breadcrumb\",\"itemListElement\":[{\"@type\":\"ListItem\",\"position\":1,\"name\":\"Anasayfa\",\"item\":\"https:\/\/izmiryos.com\/\"},{\"@type\":\"ListItem\",\"position\":2,\"name\":\"\u062f\u0631\u0628\u0627\u0631\u0647 \u0645\u0627\"}]},{\"@type\":\"WebSite\",\"@id\":\"https:\/\/izmiryos.com\/#website\",\"url\":\"https:\/\/izmiryos.com\/\",\"name\":\"\u0130zmir Y\u00d6S Kurslar\u0131\",\"description\":\"Y\u00d6S-T\u00d6MER Kurslar\u0131\",\"publisher\":{\"@id\":\"https:\/\/izmiryos.com\/#organization\"},\"potentialAction\":[{\"@type\":\"SearchAction\",\"target\":{\"@type\":\"EntryPoint\",\"urlTemplate\":\"https:\/\/izmiryos.com\/?s={search_term_string}\"},\"query-input\":{\"@type\":\"PropertyValueSpecification\",\"valueRequired\":true,\"valueName\":\"search_term_string\"}}],\"inLanguage\":\"fa-IR\"},{\"@type\":\"Organization\",\"@id\":\"https:\/\/izmiryos.com\/#organization\",\"name\":\"\u0130zmir Y\u00d6S Kurslar\u0131\",\"url\":\"https:\/\/izmiryos.com\/\",\"logo\":{\"@type\":\"ImageObject\",\"inLanguage\":\"fa-IR\",\"@id\":\"https:\/\/izmiryos.com\/#\/schema\/logo\/image\/\",\"url\":\"https:\/\/izmiryos.com\/wp-content\/uploads\/logo.png\",\"contentUrl\":\"https:\/\/izmiryos.com\/wp-content\/uploads\/logo.png\",\"width\":227,\"height\":63,\"caption\":\"\u0130zmir Y\u00d6S Kurslar\u0131\"},\"image\":{\"@id\":\"https:\/\/izmiryos.com\/#\/schema\/logo\/image\/\"},\"sameAs\":[\"https:\/\/www.facebook.com\/tasariizmir\",\"https:\/\/x.com\/izmirtasari\"]}]}<\/script>\n<!-- \/ Yoast SEO plugin. -->","yoast_head_json":{"title":"\u062f\u0631\u0628\u0627\u0631\u0647 \u0645\u0627 - \u0130zmir Y\u00d6S Kurslar\u0131","robots":{"index":"index","follow":"follow","max-snippet":"max-snippet:-1","max-image-preview":"max-image-preview:large","max-video-preview":"max-video-preview:-1"},"canonical":"https:\/\/izmiryos.com\/fa\/hakkimizda\/","og_locale":"fa_IR","og_type":"article","og_title":"\u062f\u0631\u0628\u0627\u0631\u0647 \u0645\u0627 - \u0130zmir Y\u00d6S Kurslar\u0131","og_description":"\u0622\u0645\u0648\u0632\u0634\u06af\u0627\u0647 \u062a\u0627\u0633\u0627\u0631\u06cc \u0628\u0627 \u0648\u0631\u0648\u062f \u0628\u0647 \u0639\u0631\u0635\u0647 \u0622\u0645\u0648\u0632\u0634\u06cc \u0648 \u062a\u062d\u0635\u06cc\u0644\u06cc \u062f\u0631 \u0633\u0627\u0644 1984 \u0628\u0639\u0646\u0648\u0627\u0646 \u067e\u06cc\u0634\u0631\u0648 \u0627\u06cc\u0646 \u0628\u062e\u0634 \u0634\u0631\u0648\u0639 \u0628\u0647 \u0641\u0639\u0627\u0644\u06cc\u062a \u06a9\u0631\u062f. \u0627\u0632 \u06af\u0630\u0634\u062a\u0647 \u062a\u0627 \u0627\u06a9\u0646\u0648\u0646 \u062f\u0627\u0646\u0634\u062c\u0648\u06cc\u0627\u0646 \u0628\u0633\u06cc\u0627\u0631\u06cc \u0631\u0627 \u062f\u0631 \u0645\u0642\u0637\u0639 \u062f\u06cc\u067e\u0644\u0645 \u060c \u0641\u0648\u0642 \u062f\u06cc\u067e\u0644\u0645 \u060c \u0644\u06cc\u0633\u0627\u0646\u0633 \u0648 \u0641\u0648\u0642 \u0644\u06cc\u0633\u0627\u0646\u0633 \u0628\u0647 \u0647\u062f\u0641\u0634\u0627\u0646 \u0631\u0633\u0627\u0646\u062f\u0647 \u0648 \u0628\u0647 \u0627\u0641\u062a\u062e\u0627\u0631\u0627\u062a \u0648 \u0645\u0648\u0641\u0642\u06cc\u062a \u0647\u0627\u06cc \u0632\u06cc\u0627\u062f\u06cc \u062f\u0633\u062a \u06cc\u0627\u0641\u062a\u0647 \u0627\u0633\u062a. \u0645\u0648\u0641\u0642 \u062a\u0631\u06cc\u0646 \u0622\u0645\u0648\u0632\u0634\u06af\u0627\u0647 \u062a\u0631\u06a9\u06cc\u0647 [&hellip;]","og_url":"https:\/\/izmiryos.com\/fa\/hakkimizda\/","og_site_name":"\u0130zmir Y\u00d6S Kurslar\u0131","article_publisher":"https:\/\/www.facebook.com\/tasariizmir","article_modified_time":"2024-11-18T11:01:49+00:00","twitter_card":"summary_large_image","twitter_site":"@izmirtasari","twitter_misc":{"Est. reading time":"3 minutes"},"schema":{"@context":"https:\/\/schema.org","@graph":[{"@type":"WebPage","@id":"https:\/\/izmiryos.com\/fa\/hakkimizda\/","url":"https:\/\/izmiryos.com\/fa\/hakkimizda\/","name":"\u062f\u0631\u0628\u0627\u0631\u0647 \u0645\u0627 - \u0130zmir Y\u00d6S Kurslar\u0131","isPartOf":{"@id":"https:\/\/izmiryos.com\/#website"},"datePublished":"2019-11-05T07:02:32+00:00","dateModified":"2024-11-18T11:01:49+00:00","breadcrumb":{"@id":"https:\/\/izmiryos.com\/fa\/hakkimizda\/#breadcrumb"},"inLanguage":"fa-IR","potentialAction":[{"@type":"ReadAction","target":["https:\/\/izmiryos.com\/fa\/hakkimizda\/"]}]},{"@type":"BreadcrumbList","@id":"https:\/\/izmiryos.com\/fa\/hakkimizda\/#breadcrumb","itemListElement":[{"@type":"ListItem","position":1,"name":"Anasayfa","item":"https:\/\/izmiryos.com\/"},{"@type":"ListItem","position":2,"name":"\u062f\u0631\u0628\u0627\u0631\u0647 \u0645\u0627"}]},{"@type":"WebSite","@id":"https:\/\/izmiryos.com\/#website","url":"https:\/\/izmiryos.com\/","name":"\u0130zmir Y\u00d6S Kurslar\u0131","description":"Y\u00d6S-T\u00d6MER Kurslar\u0131","publisher":{"@id":"https:\/\/izmiryos.com\/#organization"},"potentialAction":[{"@type":"SearchAction","target":{"@type":"EntryPoint","urlTemplate":"https:\/\/izmiryos.com\/?s={search_term_string}"},"query-input":{"@type":"PropertyValueSpecification","valueRequired":true,"valueName":"search_term_string"}}],"inLanguage":"fa-IR"},{"@type":"Organization","@id":"https:\/\/izmiryos.com\/#organization","name":"\u0130zmir Y\u00d6S Kurslar\u0131","url":"https:\/\/izmiryos.com\/","logo":{"@type":"ImageObject","inLanguage":"fa-IR","@id":"https:\/\/izmiryos.com\/#\/schema\/logo\/image\/","url":"https:\/\/izmiryos.com\/wp-content\/uploads\/logo.png","contentUrl":"https:\/\/izmiryos.com\/wp-content\/uploads\/logo.png","width":227,"height":63,"caption":"\u0130zmir Y\u00d6S Kurslar\u0131"},"image":{"@id":"https:\/\/izmiryos.com\/#\/schema\/logo\/image\/"},"sameAs":["https:\/\/www.facebook.com\/tasariizmir","https:\/\/x.com\/izmirtasari"]}]}},"_links":{"self":[{"href":"https:\/\/izmiryos.com\/fa\/wp-json\/wp\/v2\/pages\/285","targetHints":{"allow":["GET"]}}],"collection":[{"href":"https:\/\/izmiryos.com\/fa\/wp-json\/wp\/v2\/pages"}],"about":[{"href":"https:\/\/izmiryos.com\/fa\/wp-json\/wp\/v2\/types\/page"}],"author":[{"embeddable":true,"href":"https:\/\/izmiryos.com\/fa\/wp-json\/wp\/v2\/users\/1"}],"replies":[{"embeddable":true,"href":"https:\/\/izmiryos.com\/fa\/wp-json\/wp\/v2\/comments?post=285"}],"version-history":[{"count":11,"href":"https:\/\/izmiryos.com\/fa\/wp-json\/wp\/v2\/pages\/285\/revisions"}],"predecessor-version":[{"id":8263,"href":"https:\/\/izmiryos.com\/fa\/wp-json\/wp\/v2\/pages\/285\/revisions\/8263"}],"wp:attachment":[{"href":"https:\/\/izmiryos.com\/fa\/wp-json\/wp\/v2\/media?parent=285"}],"curies":[{"name":"wp","href":"https:\/\/api.w.org\/{rel}","templated":true}]}}